{"id":3138,"date":"2021-10-18T10:40:57","date_gmt":"2021-10-18T10:40:57","guid":{"rendered":"https:\/\/lavidaiberica.com\/?page_id=3138"},"modified":"2021-10-18T10:40:58","modified_gmt":"2021-10-18T10:40:58","slug":"politica-de-cookies","status":"publish","type":"page","link":"https:\/\/lavidaiberica.com\/pt\/politica-de-cookies\/","title":{"rendered":"Politica de cookies"},"content":{"rendered":"<h2 class=\"wp-block-heading\">Informaci\u00f3n de las cookies<\/h2>\n\n\n\n<p>Las cookies son archivos que se pueden descargar en su equipo a trav\u00e9s de las p\u00e1ginas web. Son herramientas que tienen un papel esencial para la prestaci\u00f3n de numerosos servicios de la sociedad de la informaci\u00f3n. Entre otros, permiten a una p\u00e1gina web almacenar y recuperar informaci\u00f3n sobre los h\u00e1bitos de navegaci\u00f3n de un usuario o de su equipo y, dependiendo de la informaci\u00f3n obtenida, se pueden utilizar para reconocer al usuario y mejorar el servicio ofrecido.<\/p>\n\n\n\n<p>Esta pol\u00edtica de privacidad establece c\u00f3mo La Vida Ib\u00e9rica usa y protege cualquier informaci\u00f3n que usted da a  La Vida Ib\u00e9rica cuando se utiliza esta p\u00e1gina web.  La Vida Ib\u00e9rica se compromete a garantizar que su privacidad est\u00e1 protegida. Si le pedimos que nos proporcione cierta informaci\u00f3n por la cual usted puede ser identificado al usar este sitio web, entonces usted puede estar seguro de que s\u00f3lo se utilizar\u00e1 de acuerdo con esta declaraci\u00f3n de privacidad.  La Vida Ib\u00e9rica puede cambiar esta pol\u00edtica de vez en cuando al actualizar esta p\u00e1gina. Usted debe visitar esta p\u00e1gina de vez en cuando para asegurarse de que est\u00e1 de acuerdo con los cambios.<\/p>\n\n\n\n<h2 class=\"wp-block-heading\">\u00bfQu\u00e9 es lo que recogemos?<\/h2>\n\n\n\n<p>Podemos recopilar la siguiente informaci\u00f3n:<\/p>\n\n\n\n<ul class=\"wp-block-list\"><li>Nome<\/li><li>Informaci\u00f3n de contacto incluyendo la direcci\u00f3n de e-mail<\/li><li>Informaci\u00f3n demogr\u00e1fica como el c\u00f3digo postal y preferencias<\/li><li>Informaci\u00f3n estad\u00edstica de visitas, p\u00e1ginas, vistas y otros datos similares<\/li><li>Otra informaci\u00f3n relacionada con encuestas u ofertas<\/li><\/ul>\n\n\n\n<p>Para obtener informaci\u00f3n detallada de las cookies que utilizamos, mira nuestra secci\u00f3n con la Lista de cookies que recopilamos.<\/p>\n\n\n\n<h2 class=\"wp-block-heading\">\u00bfQu\u00e9 hacemos con la informaci\u00f3n recopilada?<\/h2>\n\n\n\n<p>Necesitamos esta informaci\u00f3n para entender sus necesidades y ofrecerle un mejor servicio, y en particular por las siguientes razones:<\/p>\n\n\n\n<ul class=\"wp-block-list\"><li>Mantenimiento de registros internos.<\/li><li>Podemos utilizar la informaci\u00f3n para mejorar nuestros productos y servicios.<\/li><li>Podemos enviar correos electr\u00f3nicos promocionales sobre nuevos productos, ofertas especiales u otra informaci\u00f3n que pensamos que puede resultar interesante utilizar la direcci\u00f3n de correo electr\u00f3nico que usted ha proporcionado.<\/li><li>De vez en cuando, tambi\u00e9n podemos utilizar su informaci\u00f3n para comunicarnos con usted para fines de investigaci\u00f3n de mercado. Podemos comunicarnos con usted por correo electr\u00f3nico, tel\u00e9fono, fax o correo. Podemos utilizar la informaci\u00f3n para personalizar el sitio web de acuerdo a sus intereses.<\/li><\/ul>\n\n\n\n<h2 class=\"wp-block-heading\">Seguridad<\/h2>\n\n\n\n<p>Estamos comprometidos a asegurar que su informaci\u00f3n est\u00e1 segura. Con el fin de evitar el acceso no autorizado o divulgaci\u00f3n, hemos puesto en marcha procedimientos f\u00edsicos, electr\u00f3nicos y administrativos para salvaguardar y asegurar la informaci\u00f3n que recopilamos online.<\/p>\n\n\n\n<h2 class=\"wp-block-heading\">C\u00f3mo utilizamos las cookies<\/h2>\n\n\n\n<p>Una cookie es un peque\u00f1o archivo que pide permiso para ser colocado en el disco duro de su ordenador. Una vez que usted est\u00e1 de acuerdo, el archivo se a\u00f1ade y la cookie ayuda a analizar el tr\u00e1fico web o le permite saber cuando usted visita un sitio en particular. Las cookies permiten que las aplicaciones web le asocien a usted como quien es. La aplicaci\u00f3n web puede adaptar sus operaciones a sus necesidades, gustos y por reunir y recordar la informaci\u00f3n acerca de sus preferencias de uso de la web.<\/p>\n\n\n\n<p>Utilizamos cookies de registro de tr\u00e1fico para identificar qu\u00e9 p\u00e1ginas se est\u00e1n utilizando. Esto nos ayuda a analizar datos sobre el tr\u00e1fico web y mejorar nuestro sitio web con el fin de adaptarlo a las necesidades del cliente. S\u00f3lo utilizamos esta informaci\u00f3n para fines de an\u00e1lisis estad\u00edstico y luego los datos se eliminan del sistema.<\/p>\n\n\n\n<p>En general, las cookies nos ayudan a ofrecerle un mejor sitio web, por lo que nos permite controlar las p\u00e1ginas que encuentra \u00fatiles y cuales no. Una cookie de ninguna manera nos da acceso a su computadora o a cualquier informaci\u00f3n sobre usted, excepto los datos que usted decida compartir con nosotros. Puede elegir entre aceptar o rechazar las cookies. La mayor\u00eda de los navegadores web aceptan autom\u00e1ticamente las cookies, pero usted puede modificar la configuraci\u00f3n del explorador para rechazar las cookies, si lo prefiere. Esto puede evitar que usted tome ventaja de la p\u00e1gina web.<\/p>\n\n\n\n<h2 class=\"wp-block-heading\">Enlaces a otras p\u00e1ginas web<\/h2>\n\n\n\n<p>Nuestro sitio web puede contener enlaces a otros sitios de inter\u00e9s. Sin embargo, una vez que haya utilizado estos enlaces para salir de nuestro sitio, debe tener en cuenta que no tenemos ning\u00fan control sobre ese otro sitio web. Por lo tanto, no podemos ser responsables de la protecci\u00f3n y privacidad de cualquier informaci\u00f3n que usted proporcione al visitar estos sitios ya que dichos sitios no se rigen por la presente declaraci\u00f3n de privacidad. Usted debe tener cuidado y leer la declaraci\u00f3n de privacidad aplicable al sitio web en cuesti\u00f3n.<\/p>\n\n\n\n<h2 class=\"wp-block-heading\">Si no deseas tener cookies en tus navegadores puedes bloquearlas<\/h2>\n\n\n\n<p>Est\u00e1s en total derecho de querer bloquear la creaci\u00f3n de cookies en tus navegadores, y todos ellos incluyen opciones para evitar que se guarde ninguna cookie.<\/p>\n\n\n\n<p>Ten en cuenta que si bloqueas las cookies puedes tener problemas de navegaci\u00f3n por cualquier p\u00e1gina y no te podemos garantizar el funcionamiento del 100% de las opciones de nuestra tienda online, como por ejemplo el que te mantengas logueado correctamente con tu usuario y contrase\u00f1a y que se conserven en tu carrito los productos que vas agregando al mismo.<\/p>\n\n\n\n<p>Para ayudarte con la configuraci\u00f3n ponemos a tu disposici\u00f3n enlaces a las gu\u00edas de configuraci\u00f3n de cookies de los principales navegadores:<\/p>\n\n\n\n<ul class=\"wp-block-list\"><li>Google Chrome: (&nbsp;<a href=\"https:\/\/support.google.com\/chrome\/answer\/95647?hl=%E2%80%9Des%E2%80%9D%20\" target=\"_blank\" rel=\"noreferrer noopener\">cualquier versi\u00f3n<\/a>&nbsp;)<\/li><li>Mozilla Firefox: (&nbsp;<a href=\"https:\/\/support.mozilla.org\/es\/kb\/Borrar%20cookies\" target=\"_blank\" rel=\"noreferrer noopener\">cualquier versi\u00f3n<\/a>&nbsp;)<\/li><li>Microsoft Internet Explorer: (&nbsp;<a href=\"https:\/\/support.microsoft.com\/es-es\/help\/17442\/windows-internet-explorer-delete-manage-cookies\" target=\"_blank\" rel=\"noreferrer noopener\">versiones m\u00e1s recientes<\/a>&nbsp;)<\/li><li>Apple Safari: (&nbsp;<a href=\"http:\/\/www.apple.com\/es\/privacy\/use-of-cookies\/\" target=\"_blank\" rel=\"noreferrer noopener\">cualquier versi\u00f3n<\/a>&nbsp;)<\/li><li>Opera: (&nbsp;<a href=\"http:\/\/help.opera.com\/Windows\/11.50\/es-ES\/cookies.html\" target=\"_blank\" rel=\"noreferrer noopener\">cualquier versi\u00f3n<\/a>&nbsp;)<\/li><li>Android: (&nbsp;<a href=\"https:\/\/support.google.com\/chrome\/answer\/95647?co=GENIE.Platform%3DAndroid&amp;hl=es-419\" target=\"_blank\" rel=\"noreferrer noopener\">cualquier versi\u00f3n<\/a>&nbsp;)<\/li><\/ul>\n\n\n\n<h2 class=\"wp-block-heading\">Consentimiento<\/h2>\n\n\n\n<p>En La Vida Ib\u00e9rica nunca guardamos los datos personales de nuestros visitantes, salvo que el visitante proceda a registrarse voluntariamente, realice un pedido de productos o servicios, o se anote a nuestro bolet\u00edn de noticias con el deseo de recibir noticias, comunicados u ofertas.<\/p>\n\n\n\n<p>Al navegar por nuestra p\u00e1gina web nos indicas que est\u00e1s consintiendo el uso de las cookies acorde a las condiciones descritas en nuestra Pol\u00edtica de Privacidad y Pol\u00edtica de cookies.<\/p>","protected":false},"excerpt":{"rendered":"<p>Informaci\u00f3n de las cookies Las cookies son archivos que se pueden descargar en su equipo a trav\u00e9s de las p\u00e1ginas web. Son herramientas que tienen un papel esencial para la prestaci\u00f3n de numerosos servicios de la sociedad de la informaci\u00f3n. Entre otros, permiten a una p\u00e1gina web almacenar y recuperar informaci\u00f3n sobre los h\u00e1bitos de [&hellip;]<\/p>\n","protected":false},"author":2,"featured_media":0,"parent":0,"menu_order":0,"comment_status":"closed","ping_status":"closed","template":"","meta":{"site-sidebar-layout":"default","site-content-layout":"default","ast-site-content-layout":"","site-content-style":"default","site-sidebar-style":"default","ast-global-header-display":"","ast-banner-title-visibility":"","ast-main-header-display":"","ast-hfb-above-header-display":"","ast-hfb-below-header-display":"","ast-hfb-mobile-header-display":"","site-post-title":"","ast-breadcrumbs-content":"","ast-featured-img":"","footer-sml-layout":"","theme-transparent-header-meta":"default","adv-header-id-meta":"","stick-header-meta":"","header-above-stick-meta":"","header-main-stick-meta":"","header-below-stick-meta":"","astra-migrate-meta-layouts":"default","ast-page-background-enabled":"default","ast-page-background-meta":{"desktop":{"background-color":"","background-image":"","background-repeat":"repeat","background-position":"center center","background-size":"auto","background-attachment":"scroll","background-type":"","background-media":"","overlay-type":"","overlay-color":"","overlay-opacity":"","overlay-gradient":""},"tablet":{"background-color":"","background-image":"","background-repeat":"repeat","background-position":"center center","background-size":"auto","background-attachment":"scroll","background-type":"","background-media":"","overlay-type":"","overlay-color":"","overlay-opacity":"","overlay-gradient":""},"mobile":{"background-color":"","background-image":"","background-repeat":"repeat","background-position":"center center","background-size":"auto","background-attachment":"scroll","background-type":"","background-media":"","overlay-type":"","overlay-color":"","overlay-opacity":"","overlay-gradient":""}},"ast-content-background-meta":{"desktop":{"background-color":"var(--ast-global-color-5)","background-image":"","background-repeat":"repeat","background-position":"center center","background-size":"auto","background-attachment":"scroll","background-type":"","background-media":"","overlay-type":"","overlay-color":"","overlay-opacity":"","overlay-gradient":""},"tablet":{"background-color":"var(--ast-global-color-5)","background-image":"","background-repeat":"repeat","background-position":"center center","background-size":"auto","background-attachment":"scroll","background-type":"","background-media":"","overlay-type":"","overlay-color":"","overlay-opacity":"","overlay-gradient":""},"mobile":{"background-color":"var(--ast-global-color-5)","background-image":"","background-repeat":"repeat","background-position":"center center","background-size":"auto","background-attachment":"scroll","background-type":"","background-media":"","overlay-type":"","overlay-color":"","overlay-opacity":"","overlay-gradient":""}},"_joinchat":[],"footnotes":""},"class_list":["post-3138","page","type-page","status-publish","hentry"],"yoast_head":"<!-- This site is optimized with the Yoast SEO plugin v27.0 - https:\/\/yoast.com\/product\/yoast-seo-wordpress\/ -->\n<title>Politica de cookies - La Vida Ib\u00e9rica<\/title>\n<meta name=\"robots\" content=\"index, follow, max-snippet:-1, max-image-preview:large, max-video-preview:-1\" \/>\n<link rel=\"canonical\" href=\"https:\/\/lavidaiberica.com\/pt\/politica-de-cookies\/\" \/>\n<meta property=\"og:locale\" content=\"pt_PT\" \/>\n<meta property=\"og:type\" content=\"article\" \/>\n<meta property=\"og:title\" content=\"Politica de cookies - La Vida Ib\u00e9rica\" \/>\n<meta property=\"og:description\" content=\"Informaci\u00f3n de las cookies Las cookies son archivos que se pueden descargar en su equipo a trav\u00e9s de las p\u00e1ginas web. Son herramientas que tienen un papel esencial para la prestaci\u00f3n de numerosos servicios de la sociedad de la informaci\u00f3n. Entre otros, permiten a una p\u00e1gina web almacenar y recuperar informaci\u00f3n sobre los h\u00e1bitos de [&hellip;]\" \/>\n<meta property=\"og:url\" content=\"https:\/\/lavidaiberica.com\/pt\/politica-de-cookies\/\" \/>\n<meta property=\"og:site_name\" content=\"La Vida Ib\u00e9rica\" \/>\n<meta property=\"article:modified_time\" content=\"2021-10-18T10:40:58+00:00\" \/>\n<meta name=\"twitter:card\" content=\"summary_large_image\" \/>\n<meta name=\"twitter:label1\" content=\"Tempo estimado de leitura\" \/>\n\t<meta name=\"twitter:data1\" content=\"5 minutos\" \/>\n<script type=\"application\/ld+json\" class=\"yoast-schema-graph\">{\"@context\":\"https:\/\/schema.org\",\"@graph\":[{\"@type\":\"WebPage\",\"@id\":\"https:\/\/lavidaiberica.com\/politica-de-cookies\/\",\"url\":\"https:\/\/lavidaiberica.com\/politica-de-cookies\/\",\"name\":\"Politica de cookies - La Vida Ib\u00e9rica\",\"isPartOf\":{\"@id\":\"https:\/\/lavidaiberica.com\/#website\"},\"datePublished\":\"2021-10-18T10:40:57+00:00\",\"dateModified\":\"2021-10-18T10:40:58+00:00\",\"breadcrumb\":{\"@id\":\"https:\/\/lavidaiberica.com\/politica-de-cookies\/#breadcrumb\"},\"inLanguage\":\"pt-PT\",\"potentialAction\":[{\"@type\":\"ReadAction\",\"target\":[\"https:\/\/lavidaiberica.com\/politica-de-cookies\/\"]}]},{\"@type\":\"BreadcrumbList\",\"@id\":\"https:\/\/lavidaiberica.com\/politica-de-cookies\/#breadcrumb\",\"itemListElement\":[{\"@type\":\"ListItem\",\"position\":1,\"name\":\"Portada\",\"item\":\"https:\/\/lavidaiberica.com\/\"},{\"@type\":\"ListItem\",\"position\":2,\"name\":\"Politica de cookies\"}]},{\"@type\":\"WebSite\",\"@id\":\"https:\/\/lavidaiberica.com\/#website\",\"url\":\"https:\/\/lavidaiberica.com\/\",\"name\":\"La Vida Ib\u00e9rica\",\"description\":\"EnoMarketing Digital | Consultor\u00eda Gastron\u00f3mica Ib\u00e9rica\",\"publisher\":{\"@id\":\"https:\/\/lavidaiberica.com\/#organization\"},\"potentialAction\":[{\"@type\":\"SearchAction\",\"target\":{\"@type\":\"EntryPoint\",\"urlTemplate\":\"https:\/\/lavidaiberica.com\/?s={search_term_string}\"},\"query-input\":{\"@type\":\"PropertyValueSpecification\",\"valueRequired\":true,\"valueName\":\"search_term_string\"}}],\"inLanguage\":\"pt-PT\"},{\"@type\":\"Organization\",\"@id\":\"https:\/\/lavidaiberica.com\/#organization\",\"name\":\"La Vida Ib\u00e9rica\",\"url\":\"https:\/\/lavidaiberica.com\/\",\"logo\":{\"@type\":\"ImageObject\",\"inLanguage\":\"pt-PT\",\"@id\":\"https:\/\/lavidaiberica.com\/#\/schema\/logo\/image\/\",\"url\":\"https:\/\/lavidaiberica.com\/wp-content\/uploads\/2021\/10\/logo.png\",\"contentUrl\":\"https:\/\/lavidaiberica.com\/wp-content\/uploads\/2021\/10\/logo.png\",\"width\":1772,\"height\":1772,\"caption\":\"La Vida Ib\u00e9rica\"},\"image\":{\"@id\":\"https:\/\/lavidaiberica.com\/#\/schema\/logo\/image\/\"}}]}<\/script>\n<!-- \/ Yoast SEO plugin. -->","yoast_head_json":{"title":"Politica de cookies - La Vida Ib\u00e9rica","robots":{"index":"index","follow":"follow","max-snippet":"max-snippet:-1","max-image-preview":"max-image-preview:large","max-video-preview":"max-video-preview:-1"},"canonical":"https:\/\/lavidaiberica.com\/pt\/politica-de-cookies\/","og_locale":"pt_PT","og_type":"article","og_title":"Politica de cookies - La Vida Ib\u00e9rica","og_description":"Informaci\u00f3n de las cookies Las cookies son archivos que se pueden descargar en su equipo a trav\u00e9s de las p\u00e1ginas web. Son herramientas que tienen un papel esencial para la prestaci\u00f3n de numerosos servicios de la sociedad de la informaci\u00f3n. Entre otros, permiten a una p\u00e1gina web almacenar y recuperar informaci\u00f3n sobre los h\u00e1bitos de [&hellip;]","og_url":"https:\/\/lavidaiberica.com\/pt\/politica-de-cookies\/","og_site_name":"La Vida Ib\u00e9rica","article_modified_time":"2021-10-18T10:40:58+00:00","twitter_card":"summary_large_image","twitter_misc":{"Tempo estimado de leitura":"5 minutos"},"schema":{"@context":"https:\/\/schema.org","@graph":[{"@type":"WebPage","@id":"https:\/\/lavidaiberica.com\/politica-de-cookies\/","url":"https:\/\/lavidaiberica.com\/politica-de-cookies\/","name":"Politica de cookies - La Vida Ib\u00e9rica","isPartOf":{"@id":"https:\/\/lavidaiberica.com\/#website"},"datePublished":"2021-10-18T10:40:57+00:00","dateModified":"2021-10-18T10:40:58+00:00","breadcrumb":{"@id":"https:\/\/lavidaiberica.com\/politica-de-cookies\/#breadcrumb"},"inLanguage":"pt-PT","potentialAction":[{"@type":"ReadAction","target":["https:\/\/lavidaiberica.com\/politica-de-cookies\/"]}]},{"@type":"BreadcrumbList","@id":"https:\/\/lavidaiberica.com\/politica-de-cookies\/#breadcrumb","itemListElement":[{"@type":"ListItem","position":1,"name":"Portada","item":"https:\/\/lavidaiberica.com\/"},{"@type":"ListItem","position":2,"name":"Politica de cookies"}]},{"@type":"WebSite","@id":"https:\/\/lavidaiberica.com\/#website","url":"https:\/\/lavidaiberica.com\/","name":"La Vida Ib\u00e9rica","description":"EnoMarketing Digital | Consultor\u00eda Gastron\u00f3mica Ib\u00e9rica","publisher":{"@id":"https:\/\/lavidaiberica.com\/#organization"},"potentialAction":[{"@type":"SearchAction","target":{"@type":"EntryPoint","urlTemplate":"https:\/\/lavidaiberica.com\/?s={search_term_string}"},"query-input":{"@type":"PropertyValueSpecification","valueRequired":true,"valueName":"search_term_string"}}],"inLanguage":"pt-PT"},{"@type":"Organization","@id":"https:\/\/lavidaiberica.com\/#organization","name":"La Vida Ib\u00e9rica","url":"https:\/\/lavidaiberica.com\/","logo":{"@type":"ImageObject","inLanguage":"pt-PT","@id":"https:\/\/lavidaiberica.com\/#\/schema\/logo\/image\/","url":"https:\/\/lavidaiberica.com\/wp-content\/uploads\/2021\/10\/logo.png","contentUrl":"https:\/\/lavidaiberica.com\/wp-content\/uploads\/2021\/10\/logo.png","width":1772,"height":1772,"caption":"La Vida Ib\u00e9rica"},"image":{"@id":"https:\/\/lavidaiberica.com\/#\/schema\/logo\/image\/"}}]}},"_links":{"self":[{"href":"https:\/\/lavidaiberica.com\/pt\/wp-json\/wp\/v2\/pages\/3138","targetHints":{"allow":["GET"]}}],"collection":[{"href":"https:\/\/lavidaiberica.com\/pt\/wp-json\/wp\/v2\/pages"}],"about":[{"href":"https:\/\/lavidaiberica.com\/pt\/wp-json\/wp\/v2\/types\/page"}],"author":[{"embeddable":true,"href":"https:\/\/lavidaiberica.com\/pt\/wp-json\/wp\/v2\/users\/2"}],"replies":[{"embeddable":true,"href":"https:\/\/lavidaiberica.com\/pt\/wp-json\/wp\/v2\/comments?post=3138"}],"version-history":[{"count":1,"href":"https:\/\/lavidaiberica.com\/pt\/wp-json\/wp\/v2\/pages\/3138\/revisions"}],"predecessor-version":[{"id":3139,"href":"https:\/\/lavidaiberica.com\/pt\/wp-json\/wp\/v2\/pages\/3138\/revisions\/3139"}],"wp:attachment":[{"href":"https:\/\/lavidaiberica.com\/pt\/wp-json\/wp\/v2\/media?parent=3138"}],"curies":[{"name":"wp","href":"https:\/\/api.w.org\/{rel}","templated":true}]}}